{"id":19218,"date":"2024-06-25T23:23:09","date_gmt":"2024-06-25T21:23:09","guid":{"rendered":"https:\/\/grupochile.de\/?page_id=19218"},"modified":"2024-11-06T12:19:17","modified_gmt":"2024-11-06T11:19:17","slug":"historia","status":"publish","type":"page","link":"https:\/\/grupochile.de\/de\/actualidad\/historia\/","title":{"rendered":"Geschichte"},"content":{"rendered":"\t\t<div data-elementor-type=\"wp-page\" data-elementor-id=\"19218\" class=\"elementor elementor-19218\">\n\t\t\t\t<div class=\"elementor-element elementor-element-023a6d9 e-con-full e-flex e-con e-parent\" data-id=\"023a6d9\" data-element_type=\"container\" data-e-type=\"container\" data-settings=\"{&quot;background_background&quot;:&quot;slideshow&quot;,&quot;background_slideshow_gallery&quot;:[{&quot;id&quot;:3416,&quot;url&quot;:&quot;https:\\\/\\\/grupochile.de\\\/wp-content\\\/uploads\\\/2024\\\/05\\\/CCentro-MO-scaled.jpeg&quot;}],&quot;background_slideshow_slide_duration&quot;:7000,&quot;background_slideshow_transition_duration&quot;:4000,&quot;background_slideshow_slide_transition&quot;:&quot;fade&quot;}\">\n\t\t<div class=\"elementor-element elementor-element-791626f e-con-full e-flex e-con e-child\" data-id=\"791626f\" data-element_type=\"container\" data-e-type=\"container\">\n\t\t\t\t<div class=\"elementor-element elementor-element-c53e9d6 elementor-widget__width-initial elementor-widget-mobile__width-inherit elementor-widget elementor-widget-text-editor\" data-id=\"c53e9d6\" data-element_type=\"widget\" data-e-type=\"widget\" data-widget_type=\"text-editor.default\">\n\t\t\t\t<div class=\"elementor-widget-container\">\n\t\t\t\t\t\t\t\t\t<p>Fundaci\u00f3n y Motivaci\u00f3n inicial<\/p>\t\t\t\t\t\t\t\t<\/div>\n\t\t\t\t<\/div>\n\t\t\t\t<div class=\"elementor-element elementor-element-0cf4372 elementor-widget__width-initial elementor-widget-laptop__width-auto elementor-widget elementor-widget-heading\" data-id=\"0cf4372\" data-element_type=\"widget\" data-e-type=\"widget\" data-widget_type=\"heading.default\">\n\t\t\t\t<div class=\"elementor-widget-container\">\n\t\t\t\t\t<h1 class=\"elementor-heading-title elementor-size-default\">Grupo Chile Berlin<\/h1>\t\t\t\t<\/div>\n\t\t\t\t<\/div>\n\t\t\t\t<\/div>\n\t\t\t\t<\/div>\n\t\t<div class=\"elementor-element elementor-element-fc0371e e-flex e-con-boxed e-con e-parent\" data-id=\"fc0371e\" data-element_type=\"container\" data-e-type=\"container\">\n\t\t\t\t\t<div class=\"e-con-inner\">\n\t\t\t\t\t<\/div>\n\t\t\t\t<\/div>\n\t\t<div class=\"elementor-element elementor-element-520cde0 e-con-full e-flex e-con e-parent\" data-id=\"520cde0\" data-element_type=\"container\" data-e-type=\"container\">\n\t\t<div class=\"elementor-element elementor-element-1f1ab3f animated-slow e-con-full e-flex elementor-invisible e-con e-child\" data-id=\"1f1ab3f\" data-element_type=\"container\" data-e-type=\"container\" data-settings=\"{&quot;animation&quot;:&quot;fadeIn&quot;,&quot;animation_delay&quot;:600}\">\n\t\t<div class=\"elementor-element elementor-element-cb8384c e-con-full e-flex e-con e-child\" data-id=\"cb8384c\" data-element_type=\"container\" data-e-type=\"container\">\n\t\t\t\t<div class=\"elementor-element elementor-element-a28142e elementor-widget__width-initial elementor-widget-mobile__width-inherit elementor-widget elementor-widget-text-editor\" data-id=\"a28142e\" data-element_type=\"widget\" data-e-type=\"widget\" data-widget_type=\"text-editor.default\">\n\t\t\t\t<div class=\"elementor-widget-container\">\n\t\t\t\t\t\t\t\t\t<p>Historia<\/p>\t\t\t\t\t\t\t\t<\/div>\n\t\t\t\t<\/div>\n\t\t\t\t<\/div>\n\t\t<div class=\"elementor-element elementor-element-134786f e-con-full e-flex e-con e-child\" data-id=\"134786f\" data-element_type=\"container\" data-e-type=\"container\">\n\t\t\t\t<div class=\"elementor-element elementor-element-aa06783 elementor-widget__width-auto elementor-widget-divider--view-line elementor-widget elementor-widget-divider\" data-id=\"aa06783\" data-element_type=\"widget\" data-e-type=\"widget\" data-widget_type=\"divider.default\">\n\t\t\t\t<div class=\"elementor-widget-container\">\n\t\t\t\t\t\t\t<div class=\"elementor-divider\">\n\t\t\t<span class=\"elementor-divider-separator\">\n\t\t\t\t\t\t<\/span>\n\t\t<\/div>\n\t\t\t\t\t\t<\/div>\n\t\t\t\t<\/div>\n\t\t\t\t<div class=\"elementor-element elementor-element-6eb6efa elementor-widget__width-initial elementor-widget-laptop__width-auto elementor-widget elementor-widget-heading\" data-id=\"6eb6efa\" data-element_type=\"widget\" data-e-type=\"widget\" data-widget_type=\"heading.default\">\n\t\t\t\t<div class=\"elementor-widget-container\">\n\t\t\t\t\t<h2 class=\"elementor-heading-title elementor-size-default\">Fundaci\u00f3n<br>y motivaci\u00f3n inicial<\/h2>\t\t\t\t<\/div>\n\t\t\t\t<\/div>\n\t\t\t\t<\/div>\n\t\t\t\t<\/div>\n\t\t\t\t<\/div>\n\t\t<div class=\"elementor-element elementor-element-034bc96 e-con-full e-flex e-con e-parent\" data-id=\"034bc96\" data-element_type=\"container\" data-e-type=\"container\" data-settings=\"{&quot;background_background&quot;:&quot;classic&quot;}\">\n\t\t<div class=\"elementor-element elementor-element-fedef0d e-con-full e-flex e-con e-child\" data-id=\"fedef0d\" data-element_type=\"container\" data-e-type=\"container\" data-settings=\"{&quot;background_background&quot;:&quot;classic&quot;}\">\n\t\t<div class=\"elementor-element elementor-element-035121f e-con-full e-flex e-con e-child\" data-id=\"035121f\" data-element_type=\"container\" data-e-type=\"container\" data-settings=\"{&quot;background_background&quot;:&quot;classic&quot;}\">\n\t\t\t\t<div class=\"elementor-element elementor-element-912748d elementor-widget__width-auto elementor-widget elementor-widget-text-editor\" data-id=\"912748d\" data-element_type=\"widget\" data-e-type=\"widget\" data-widget_type=\"text-editor.default\">\n\t\t\t\t<div class=\"elementor-widget-container\">\n\t\t\t\t\t\t\t\t\t<p>La agrupaci\u00f3n folkl\u00f3rica chilena en Berl\u00edn fue fundada en el a\u00f1o 2016 por la Familia Sald\u00edas Moreno, una familia chilena residente en Alemania.<br \/><br \/><span style=\"background-color: var( --e-global-color-kadence9 ); color: var( --e-global-color-kadence3 );\">Impulsados por el deseo de transmitir y preservar su cultura a sus hijos nacidos lejos de Chile, los Sald\u00edas Moreno se embarcaron en un proyecto que no solo fortalecer\u00eda los lazos familiares, sino que tambi\u00e9n servir\u00eda como puente cultural entre Chile y Alemania.<\/span><\/p><p><span style=\"background-color: var( --e-global-color-kadence9 ); color: var( --e-global-color-kadence3 );\">El primer gran paso de esta iniciativa fue organizar una masiva participaci\u00f3n de la comparsa chilena en el Carnaval de las Culturas de Berl\u00edn.<\/span><\/p>\t\t\t\t\t\t\t\t<\/div>\n\t\t\t\t<\/div>\n\t\t\t\t<\/div>\n\t\t<div class=\"elementor-element elementor-element-b41c464 e-con-full e-flex e-con e-child\" data-id=\"b41c464\" data-element_type=\"container\" data-e-type=\"container\">\n\t\t<div class=\"elementor-element elementor-element-54769ce e-con-full e-flex e-con e-child\" data-id=\"54769ce\" data-element_type=\"container\" data-e-type=\"container\" data-settings=\"{&quot;background_background&quot;:&quot;classic&quot;}\">\n\t\t\t\t<div class=\"elementor-element elementor-element-f1c4bc2 elementor-widget__width-auto elementor-widget elementor-widget-text-editor\" data-id=\"f1c4bc2\" data-element_type=\"widget\" data-e-type=\"widget\" data-widget_type=\"text-editor.default\">\n\t\t\t\t<div class=\"elementor-widget-container\">\n\t\t\t\t\t\t\t\t\t<p>La presencia de la comparsa chilena en aquel entonces, no solo logr\u00f3 destacar por su vibrante m\u00fasica y danzas, sino que tambi\u00e9n permiti\u00f3 a los miembros de la comunidad chilena en Berl\u00edn sentirse representados y orgullosos de sus ra\u00edces.<\/p>\t\t\t\t\t\t\t\t<\/div>\n\t\t\t\t<\/div>\n\t\t\t\t<\/div>\n\t\t\t\t<div class=\"elementor-element elementor-element-d1443ae elementor-widget__width-initial elementor-widget elementor-widget-image\" data-id=\"d1443ae\" data-element_type=\"widget\" data-e-type=\"widget\" data-widget_type=\"image.default\">\n\t\t\t\t<div class=\"elementor-widget-container\">\n\t\t\t\t\t\t\t\t\t\t\t\t\t\t\t<img fetchpriority=\"high\" decoding=\"async\" width=\"1024\" height=\"672\" src=\"https:\/\/grupochile.de\/wp-content\/uploads\/2024\/05\/KDK-0524-Trayectoria-1024x672.jpeg\" class=\"attachment-large size-large wp-image-3365\" alt=\"grupo chile-kdkd24-um\" srcset=\"https:\/\/grupochile.de\/wp-content\/uploads\/2024\/05\/KDK-0524-Trayectoria-1024x672.jpeg 1024w, https:\/\/grupochile.de\/wp-content\/uploads\/2024\/05\/KDK-0524-Trayectoria-300x197.jpeg 300w, https:\/\/grupochile.de\/wp-content\/uploads\/2024\/05\/KDK-0524-Trayectoria-768x504.jpeg 768w, https:\/\/grupochile.de\/wp-content\/uploads\/2024\/05\/KDK-0524-Trayectoria-1536x1008.jpeg 1536w, https:\/\/grupochile.de\/wp-content\/uploads\/2024\/05\/KDK-0524-Trayectoria-2048x1344.jpeg 2048w\" sizes=\"(max-width: 1024px) 100vw, 1024px\" title=\"\">\t\t\t\t\t\t\t\t\t\t\t\t\t\t\t<\/div>\n\t\t\t\t<\/div>\n\t\t\t\t<\/div>\n\t\t<div class=\"elementor-element elementor-element-340ae02 e-con-full e-flex e-con e-child\" data-id=\"340ae02\" data-element_type=\"container\" data-e-type=\"container\" data-settings=\"{&quot;background_background&quot;:&quot;classic&quot;}\">\n\t\t\t\t<div class=\"elementor-element elementor-element-aa38509 elementor-widget__width-auto elementor-widget elementor-widget-text-editor\" data-id=\"aa38509\" data-element_type=\"widget\" data-e-type=\"widget\" data-widget_type=\"text-editor.default\">\n\t\t\t\t<div class=\"elementor-widget-container\">\n\t\t\t\t\t\t\t\t\t<p>Para mantener vivo el esp\u00edritu de la comparsa y continuar difundiendo la cultura chilena m\u00e1s all\u00e1 del Carnaval de las Culturas, la Familia Sald\u00edas Moreno decidi\u00f3 formalizar sus esfuerzos dando paso as\u00ed a la creaci\u00f3n de la agrupaci\u00f3n.<br \/><br \/><span style=\"background-color: var( --e-global-color-kadence9 ); color: var( --e-global-color-kadence3 );\">A partir de ahi, grupo <strong>\u00abGrupo Chile\u00bb<\/strong> no solo se limit\u00f3 a eventos anuales, sino que se propuso realizar constantemente diversas presentaciones a lo largo de todo el a\u00f1o, ofreciendo as\u00ed un espacio cultural abierto y permanente para la celebraci\u00f3n y difusi\u00f3n de las tradiciones chilenas.<\/span><\/p>\t\t\t\t\t\t\t\t<\/div>\n\t\t\t\t<\/div>\n\t\t\t\t<\/div>\n\t\t\t\t<\/div>\n\t\t\t\t<\/div>\n\t\t<div class=\"elementor-element elementor-element-2f41fad e-flex e-con-boxed e-con e-parent\" data-id=\"2f41fad\" data-element_type=\"container\" data-e-type=\"container\">\n\t\t\t\t\t<div class=\"e-con-inner\">\n\t\t<div class=\"elementor-element elementor-element-4e2b096 e-flex e-con-boxed e-con e-child\" data-id=\"4e2b096\" data-element_type=\"container\" data-e-type=\"container\">\n\t\t\t\t\t<div class=\"e-con-inner\">\n\t\t\t\t<div class=\"elementor-element elementor-element-999920f elementor-widget__width-auto elementor-widget elementor-widget-text-editor\" data-id=\"999920f\" data-element_type=\"widget\" data-e-type=\"widget\" data-widget_type=\"text-editor.default\">\n\t\t\t\t<div class=\"elementor-widget-container\">\n\t\t\t\t\t\t\t\t\t<p><span style=\"background-color: transparent; color: var( --e-global-color-kadence3 );\"><b>Impacto y Continuidad<br \/><\/b><\/span><span style=\"background-color: transparent; color: var( --e-global-color-kadence3 );\">Desde su historia y fundaci\u00f3n Grupo Chile ha logrado consolidarse como un referente cultural dentro de la comunidad chilena en Alemania y ha ganado reconocimiento por su contribuci\u00f3n a la multiculturalidad en Berl\u00edn.<br \/><br \/>Gracias a su esfuerzo y dedicaci\u00f3n, han logrado crear un espacio donde las tradiciones chilenas pueden florecer y ser disfrutadas por nuevas generaciones, manteniendo as\u00ed vivas las ra\u00edces culturales lejos de su tierra natal.<\/span><\/p>\t\t\t\t\t\t\t\t<\/div>\n\t\t\t\t<\/div>\n\t\t\t\t\t<\/div>\n\t\t\t\t<\/div>\n\t\t\t\t\t<\/div>\n\t\t\t\t<\/div>\n\t\t<div class=\"elementor-element elementor-element-b8b20f1 e-con-full e-flex e-con e-parent\" data-id=\"b8b20f1\" data-element_type=\"container\" data-e-type=\"container\">\n\t\t<div class=\"elementor-element elementor-element-5b3e141 e-con-full e-flex e-con e-child\" data-id=\"5b3e141\" data-element_type=\"container\" data-e-type=\"container\" data-settings=\"{&quot;background_background&quot;:&quot;classic&quot;}\">\n\t\t\t\t<\/div>\n\t\t\t\t<\/div>\n\t\t<div class=\"elementor-element elementor-element-13a6f56 e-con-full e-flex e-con e-parent\" data-id=\"13a6f56\" data-element_type=\"container\" data-e-type=\"container\">\n\t\t<div class=\"elementor-element elementor-element-5e86e2c e-con-full e-flex e-con e-child\" data-id=\"5e86e2c\" data-element_type=\"container\" data-e-type=\"container\" data-settings=\"{&quot;background_background&quot;:&quot;classic&quot;}\">\n\t\t\t\t<\/div>\n\t\t\t\t<\/div>\n\t\t\t\t<\/div>\n\t\t","protected":false},"excerpt":{"rendered":"<p>Fundaci\u00f3n y Motivaci\u00f3n inicial Grupo Chile Berlin Historia Fundaci\u00f3ny motivaci\u00f3n inicial La agrupaci\u00f3n folkl\u00f3rica chilena en Berl\u00edn fue fundada en el a\u00f1o 2016 por la Familia Sald\u00edas Moreno, una familia chilena residente en Alemania. Impulsados por el deseo de transmitir y preservar su cultura a sus hijos nacidos lejos de Chile, los Sald\u00edas Moreno se&#8230;<\/p>","protected":false},"author":1,"featured_media":0,"parent":11722,"menu_order":0,"comment_status":"closed","ping_status":"closed","template":"","meta":{"_monsterinsights_skip_tracking":false,"_monsterinsights_sitenote_active":false,"_monsterinsights_sitenote_note":"","_monsterinsights_sitenote_category":0,"_kad_post_transparent":"","_kad_post_title":"hide","_kad_post_layout":"fullwidth","_kad_post_sidebar_id":"","_kad_post_content_style":"unboxed","_kad_post_vertical_padding":"hide","_kad_post_feature":"hide","_kad_post_feature_position":"","_kad_post_header":false,"_kad_post_footer":false,"_kad_post_classname":"","footnotes":""},"class_list":["post-19218","page","type-page","status-publish","hentry"],"_links":{"self":[{"href":"https:\/\/grupochile.de\/de\/wp-json\/wp\/v2\/pages\/19218","targetHints":{"allow":["GET"]}}],"collection":[{"href":"https:\/\/grupochile.de\/de\/wp-json\/wp\/v2\/pages"}],"about":[{"href":"https:\/\/grupochile.de\/de\/wp-json\/wp\/v2\/types\/page"}],"author":[{"embeddable":true,"href":"https:\/\/grupochile.de\/de\/wp-json\/wp\/v2\/users\/1"}],"replies":[{"embeddable":true,"href":"https:\/\/grupochile.de\/de\/wp-json\/wp\/v2\/comments?post=19218"}],"version-history":[{"count":3,"href":"https:\/\/grupochile.de\/de\/wp-json\/wp\/v2\/pages\/19218\/revisions"}],"predecessor-version":[{"id":26303,"href":"https:\/\/grupochile.de\/de\/wp-json\/wp\/v2\/pages\/19218\/revisions\/26303"}],"up":[{"embeddable":true,"href":"https:\/\/grupochile.de\/de\/wp-json\/wp\/v2\/pages\/11722"}],"wp:attachment":[{"href":"https:\/\/grupochile.de\/de\/wp-json\/wp\/v2\/media?parent=19218"}],"curies":[{"name":"wp","href":"https:\/\/api.w.org\/{rel}","templated":true}]}}