{"id":26545,"date":"2024-11-07T14:46:14","date_gmt":"2024-11-07T13:46:14","guid":{"rendered":"https:\/\/grupochile.de\/?page_id=26545"},"modified":"2024-11-07T15:02:43","modified_gmt":"2024-11-07T14:02:43","slug":"requisitos-tecnicos","status":"publish","type":"page","link":"https:\/\/grupochile.de\/de\/requisitos-tecnicos\/","title":{"rendered":"Technische Anforderungen"},"content":{"rendered":"<div data-elementor-type=\"wp-page\" data-elementor-id=\"26545\" class=\"elementor elementor-26545\">\n\t\t\t\t<div class=\"elementor-element elementor-element-3b044ec6 e-con-full e-flex e-con e-parent\" data-id=\"3b044ec6\" data-element_type=\"container\" data-e-type=\"container\" data-settings=\"{&quot;background_background&quot;:&quot;classic&quot;}\">\n\t\t\t\t<div class=\"elementor-element elementor-element-5c3aa542 elementor-widget elementor-widget-heading\" data-id=\"5c3aa542\" data-element_type=\"widget\" data-e-type=\"widget\" data-widget_type=\"heading.default\">\n\t\t\t\t<div class=\"elementor-widget-container\">\n\t\t\t\t\t<h1 class=\"elementor-heading-title elementor-size-default\">Technische Anforderungen<\/h1>\t\t\t\t<\/div>\n\t\t\t\t<\/div>\n\t\t\t\t<\/div>\n\t\t<div class=\"elementor-element elementor-element-140f132e e-con-full e-flex e-con e-parent\" data-id=\"140f132e\" data-element_type=\"container\" data-e-type=\"container\" data-settings=\"{&quot;background_background&quot;:&quot;classic&quot;}\">\n\t\t<div class=\"elementor-element elementor-element-21145a42 e-con-full e-flex e-con e-child\" data-id=\"21145a42\" data-element_type=\"container\" data-e-type=\"container\" data-settings=\"{&quot;background_background&quot;:&quot;classic&quot;}\">\n\t\t<div class=\"elementor-element elementor-element-462cd510 e-con-full e-flex e-con e-child\" data-id=\"462cd510\" data-element_type=\"container\" data-e-type=\"container\">\n\t\t\t\t<div class=\"elementor-element elementor-element-4adf4f55 elementor-widget__width-initial elementor-widget-mobile__width-initial elementor-widget elementor-widget-text-editor\" data-id=\"4adf4f55\" data-element_type=\"widget\" data-e-type=\"widget\" data-widget_type=\"text-editor.default\">\n\t\t\t\t<div class=\"elementor-widget-container\">\n\t\t\t\t\t\t\t\t\t<p>Unter der Leitung der Organisatoren<\/p>\t\t\t\t\t\t\t\t<\/div>\n\t\t\t\t<\/div>\n\t\t\t\t<div class=\"elementor-element elementor-element-3a35f5e5 elementor-widget__width-auto elementor-widget elementor-widget-text-editor\" data-id=\"3a35f5e5\" data-element_type=\"widget\" data-e-type=\"widget\" data-widget_type=\"text-editor.default\">\n\t\t\t\t<div class=\"elementor-widget-container\">\n\t\t\t\t\t\t\t\t\t<p class=\"translation-block\">Damit unsere Auff\u00fchrungen optimal durchgef\u00fchrt werden k\u00f6nnen, ben\u00f6tigen wir eine B\u00fchne, Plattform oder einen abgegrenzten Bereich mit einer Mindestgr\u00f6\u00dfe von <b>4 x 6 Metern.<\/b> Idealerweise sollte die Fl\u00e4che aus einem stabilen, aber weichen Material wie Holz oder Pressspan bestehen. Da die Folklore oft in festlichen und karnevalesken Umgebungen pr\u00e4sentiert wird, sind wir in der Lage, uns anzupassen.<\/p>\t\t\t\t\t\t\t\t<\/div>\n\t\t\t\t<\/div>\n\t\t<div class=\"elementor-element elementor-element-180ea0bf e-con-full e-flex e-con e-child\" data-id=\"180ea0bf\" data-element_type=\"container\" data-e-type=\"container\">\n\t\t\t\t<div class=\"elementor-element elementor-element-54212cdf elementor-widget__width-auto elementor-widget elementor-widget-text-editor\" data-id=\"54212cdf\" data-element_type=\"widget\" data-e-type=\"widget\" data-widget_type=\"text-editor.default\">\n\t\t\t\t<div class=\"elementor-widget-container\">\n\t\t\t\t\t\t\t\t\t<p><span style=\"background-color: var( --e-global-color-kadence9 ); color: var( --e-global-color-kadence3 );\">Es ist m\u00f6glich, die R\u00e4umlichkeiten und andere technische Anforderungen anzupassen. Allerdings ist es unerl\u00e4sslich, dass die Organisatoren und das technische Personal \u00fcber Kenntnisse des Materials, des Raums und der Sicherheitsma\u00dfnahmen verf\u00fcgen, um die Auff\u00fchrung erfolgreich durchf\u00fchren zu k\u00f6nnen.<\/span><\/p>\t\t\t\t\t\t\t\t<\/div>\n\t\t\t\t<\/div>\n\t\t\t\t<\/div>\n\t\t\t\t<div class=\"elementor-element elementor-element-5b63860f elementor-widget__width-auto elementor-widget elementor-widget-text-editor\" data-id=\"5b63860f\" data-element_type=\"widget\" data-e-type=\"widget\" data-widget_type=\"text-editor.default\">\n\t\t\t\t<div class=\"elementor-widget-container\">\n\t\t\t\t\t\t\t\t\t<p><span style=\"font-weight: 400;\"><b>Freifl\u00e4chen oder Au\u00dfenbereiche:<\/b><br \/>Unsere Anforderungen an spezielle Situationen wie Stra\u00dfenumz\u00fcge und Veranstaltungen im Freien, bei denen der Boden nicht aus den erforderlichen Materialien besteht, sind gegeben, solange sich die Veranstaltung in einer sicheren und gesch\u00fctzten Umgebung abspielt, um Unf\u00e4lle f\u00fcr sowohl T\u00e4nzer als auch Publikum zu vermeiden.\u00a0<\/span><\/p>\t\t\t\t\t\t\t\t<\/div>\n\t\t\t\t<\/div>\n\t\t\t\t<\/div>\n\t\t<div class=\"elementor-element elementor-element-c040fc6 e-con-full e-flex e-con e-child\" data-id=\"c040fc6\" data-element_type=\"container\" data-e-type=\"container\">\n\t\t\t\t<div class=\"elementor-element elementor-element-4dbc4d30 elementor-widget__width-initial elementor-widget elementor-widget-image\" data-id=\"4dbc4d30\" data-element_type=\"widget\" data-e-type=\"widget\" data-widget_type=\"image.default\">\n\t\t\t\t<div class=\"elementor-widget-container\">\n\t\t\t\t\t\t\t\t\t\t\t\t\t\t\t<img fetchpriority=\"high\" decoding=\"async\" width=\"1798\" height=\"1544\" src=\"https:\/\/grupochile.de\/wp-content\/uploads\/2024\/07\/Buhne-GChile.png\" class=\"attachment-full size-full wp-image-21053\" alt=\"B\u00fchne\" srcset=\"https:\/\/grupochile.de\/wp-content\/uploads\/2024\/07\/Buhne-GChile.png 1798w, https:\/\/grupochile.de\/wp-content\/uploads\/2024\/07\/Buhne-GChile-300x258.png 300w, https:\/\/grupochile.de\/wp-content\/uploads\/2024\/07\/Buhne-GChile-1024x879.png 1024w, https:\/\/grupochile.de\/wp-content\/uploads\/2024\/07\/Buhne-GChile-768x660.png 768w, https:\/\/grupochile.de\/wp-content\/uploads\/2024\/07\/Buhne-GChile-1536x1319.png 1536w\" sizes=\"(max-width: 1798px) 100vw, 1798px\" title=\"\">\t\t\t\t\t\t\t\t\t\t\t\t\t\t\t<\/div>\n\t\t\t\t<\/div>\n\t\t\t\t<\/div>\n\t\t\t\t<\/div>\n\t\t<div class=\"elementor-element elementor-element-f70aea1 e-con-full e-flex e-con e-child\" data-id=\"f70aea1\" data-element_type=\"container\" data-e-type=\"container\">\n\t\t<div class=\"elementor-element elementor-element-58a5518c e-con-full e-flex e-con e-child\" data-id=\"58a5518c\" data-element_type=\"container\" data-e-type=\"container\">\n\t\t\t\t<div class=\"elementor-element elementor-element-5c73bed8 elementor-widget elementor-widget-image\" data-id=\"5c73bed8\" data-element_type=\"widget\" data-e-type=\"widget\" data-widget_type=\"image.default\">\n\t\t\t\t<div class=\"elementor-widget-container\">\n\t\t\t\t\t\t\t\t\t\t\t\t\t\t\t<img decoding=\"async\" width=\"1412\" height=\"341\" src=\"https:\/\/grupochile.de\/wp-content\/uploads\/2024\/06\/Bannerx5.png\" class=\"attachment-full size-full wp-image-6853\" alt=\"baner-fotos-req\" srcset=\"https:\/\/grupochile.de\/wp-content\/uploads\/2024\/06\/Bannerx5.png 1412w, https:\/\/grupochile.de\/wp-content\/uploads\/2024\/06\/Bannerx5-300x72.png 300w, https:\/\/grupochile.de\/wp-content\/uploads\/2024\/06\/Bannerx5-1024x247.png 1024w, https:\/\/grupochile.de\/wp-content\/uploads\/2024\/06\/Bannerx5-768x185.png 768w\" sizes=\"(max-width: 1412px) 100vw, 1412px\" title=\"\">\t\t\t\t\t\t\t\t\t\t\t\t\t\t\t<\/div>\n\t\t\t\t<\/div>\n\t\t\t\t<\/div>\n\t\t\t\t<\/div>\n\t\t<div class=\"elementor-element elementor-element-42a2e456 e-con-full e-flex e-con e-child\" data-id=\"42a2e456\" data-element_type=\"container\" data-e-type=\"container\" data-settings=\"{&quot;background_background&quot;:&quot;classic&quot;}\">\n\t\t<div class=\"elementor-element elementor-element-53c952b1 e-con-full e-flex e-con e-child\" data-id=\"53c952b1\" data-element_type=\"container\" data-e-type=\"container\">\n\t\t\t\t<div class=\"elementor-element elementor-element-1941d18e elementor-widget__width-initial elementor-widget-mobile__width-initial elementor-widget elementor-widget-text-editor\" data-id=\"1941d18e\" data-element_type=\"widget\" data-e-type=\"widget\" data-widget_type=\"text-editor.default\">\n\t\t\t\t<div class=\"elementor-widget-container\">\n\t\t\t\t\t\t\t\t\t<p>Umkleiden<\/p>\t\t\t\t\t\t\t\t<\/div>\n\t\t\t\t<\/div>\n\t\t\t\t<div class=\"elementor-element elementor-element-2a4ccf2e elementor-widget__width-auto elementor-widget elementor-widget-text-editor\" data-id=\"2a4ccf2e\" data-element_type=\"widget\" data-e-type=\"widget\" data-widget_type=\"text-editor.default\">\n\t\t\t\t<div class=\"elementor-widget-container\">\n\t\t\t\t\t\t\t\t\t<p class=\"translation-block\">Da unsere Show aus verschiedenen Darbietungen besteht, ist der Zugang zu einem Umkleideraum oder einer Garderobe in der N\u00e4he der B\u00fchne erforderlich. Die Umkleider\u00e4ume m\u00fcssen vor und w\u00e4hrend der Auff\u00fchrung jederzeit verf\u00fcgbar sein und sollten zudem den T\u00e4nzern und Musikern den n\u00f6tigen Komfort und die Privatsph\u00e4re bieten, um den Zustand der Kost\u00fcme und Instrumente zu wahren.<\/p><p><b>Idealerweise sollten sie Folgendes beinhalten:<\/b><\/p>\t\t\t\t\t\t\t\t<\/div>\n\t\t\t\t<\/div>\n\t\t\t\t<div class=\"elementor-element elementor-element-38062746 elementor-widget__width-auto elementor-widget elementor-widget-text-editor\" data-id=\"38062746\" data-element_type=\"widget\" data-e-type=\"widget\" data-widget_type=\"text-editor.default\">\n\t\t\t\t<div class=\"elementor-widget-container\">\n\t\t\t\t\t\t\t\t\t<ul>\n<li><span style=\"background-color: var( --e-global-color-kadence9 ); color: var( --e-global-color-kadence3 );\">Ganzk\u00f6rperspiegel<\/span><\/li>\n<li><span style=\"background-color: var( --e-global-color-kadence9 ); color: var( --e-global-color-kadence3 );\">Tische f\u00fcr Requisiten und Schminken<\/span><\/li>\n<li>Toiletten f\u00fcr M\u00e4nner und Frauen in der N\u00e4he des Auff\u00fchrungsortes<\/li>\n<li>Kleiderst\u00e4nder<\/li>\n<li>St\u00fchle<\/li>\n<li>Umkleider\u00e4ume mit festinstallierter Beleuchtung und Dach<\/li>\n<li>Platz f\u00fcr Koffer und Instrumente<\/li>\n<li>Der Boden sollte sauber sein<\/li>\n<\/ul>\t\t\t\t\t\t\t\t<\/div>\n\t\t\t\t<\/div>\n\t\t\t\t<div class=\"elementor-element elementor-element-17108c86 elementor-widget__width-auto elementor-widget elementor-widget-text-editor\" data-id=\"17108c86\" data-element_type=\"widget\" data-e-type=\"widget\" data-widget_type=\"text-editor.default\">\n\t\t\t\t<div class=\"elementor-widget-container\">\n\t\t\t\t\t\t\t\t\t<p><span style=\"color: var( --e-global-color-kadence3 ); background-color: var( --e-global-color-kadence9 );\">Falls die Veranstalter keine Umkleider\u00e4ume zur Verf\u00fcgung stellen, k\u00f6nnen wir gegebenenfalls selbst einen organisieren, vorausgesetzt, uns wird ein Bereich in der N\u00e4he der B\u00fchne bereitgestellt.<\/span><\/p>\t\t\t\t\t\t\t\t<\/div>\n\t\t\t\t<\/div>\n\t\t\t\t<\/div>\n\t\t<div class=\"elementor-element elementor-element-721bb8a3 e-con-full e-flex e-con e-child\" data-id=\"721bb8a3\" data-element_type=\"container\" data-e-type=\"container\">\n\t\t\t\t<div class=\"elementor-element elementor-element-348a7563 elementor-widget__width-initial elementor-widget elementor-widget-image\" data-id=\"348a7563\" data-element_type=\"widget\" data-e-type=\"widget\" data-widget_type=\"image.default\">\n\t\t\t\t<div class=\"elementor-widget-container\">\n\t\t\t\t\t\t\t\t\t\t\t\t\t\t\t<img decoding=\"async\" width=\"481\" height=\"713\" src=\"https:\/\/grupochile.de\/wp-content\/uploads\/2024\/07\/Camerinos.png\" class=\"attachment-full size-full wp-image-21350\" alt=\"Backstage\" srcset=\"https:\/\/grupochile.de\/wp-content\/uploads\/2024\/07\/Camerinos.png 481w, https:\/\/grupochile.de\/wp-content\/uploads\/2024\/07\/Camerinos-202x300.png 202w\" sizes=\"(max-width: 481px) 100vw, 481px\" title=\"\">\t\t\t\t\t\t\t\t\t\t\t\t\t\t\t<\/div>\n\t\t\t\t<\/div>\n\t\t\t\t<\/div>\n\t\t\t\t<\/div>\n\t\t<div class=\"elementor-element elementor-element-4bfe20c e-con-full e-flex e-con e-child\" data-id=\"4bfe20c\" data-element_type=\"container\" data-e-type=\"container\" data-settings=\"{&quot;background_background&quot;:&quot;classic&quot;}\">\n\t\t<div class=\"elementor-element elementor-element-a2a7d87 e-con-full e-flex e-con e-child\" data-id=\"a2a7d87\" data-element_type=\"container\" data-e-type=\"container\">\n\t\t\t\t<div class=\"elementor-element elementor-element-5c0199fd elementor-widget__width-initial elementor-widget-mobile__width-initial elementor-widget elementor-widget-text-editor\" data-id=\"5c0199fd\" data-element_type=\"widget\" data-e-type=\"widget\" data-widget_type=\"text-editor.default\">\n\t\t\t\t<div class=\"elementor-widget-container\">\n\t\t\t\t\t\t\t\t\t<p>Sound<\/p>\t\t\t\t\t\t\t\t<\/div>\n\t\t\t\t<\/div>\n\t\t\t\t<div class=\"elementor-element elementor-element-4ba6eed4 elementor-widget__width-auto elementor-widget elementor-widget-text-editor\" data-id=\"4ba6eed4\" data-element_type=\"widget\" data-e-type=\"widget\" data-widget_type=\"text-editor.default\">\n\t\t\t\t<div class=\"elementor-widget-container\">\n\t\t\t\t\t\t\t\t\t<p><span style=\"font-weight: 400;\">Um unsere Performance, die T\u00e4nze, Interaktionen mit dem Publikum, k\u00fcnstlerische Elemente und Live-Musik umfasst, erfolgreich durchzuf\u00fchren, sind folgende Anforderungen zu beachten:<\/span><\/p>\t\t\t\t\t\t\t\t<\/div>\n\t\t\t\t<\/div>\n\t\t\t\t<div class=\"elementor-element elementor-element-3f1f3343 elementor-widget__width-auto elementor-widget elementor-widget-text-editor\" data-id=\"3f1f3343\" data-element_type=\"widget\" data-e-type=\"widget\" data-widget_type=\"text-editor.default\">\n\t\t\t\t<div class=\"elementor-widget-container\">\n\t\t\t\t\t\t\t\t\t<ul><li><span style=\"background-color: var( --e-global-color-kadence9 ); color: var( --e-global-color-kadence3 );\">Drahtloses oder kabelgebundenes Mikrofon f\u00fcr die Interaktion mit dem Publikum und Gesang.<\/span><\/li><li><span style=\"color: var( --e-global-color-kadence3 ); background-color: var( --e-global-color-kadence9 );\">Mikrofonst\u00e4nder<\/span><\/li><li>Verst\u00e4rkungssysteme f\u00fcr Stimmen und Instrumente.<\/li><li>Audiosystem zur Wiedergabe von MP3-Audio.<\/li><li>Perfekt markierte Lautsprecher, damit unsere T\u00e4nzer maximale Sicherheit haben.<\/li><\/ul>\t\t\t\t\t\t\t\t<\/div>\n\t\t\t\t<\/div>\n\t\t\t\t<div class=\"elementor-element elementor-element-2bb4697b elementor-widget__width-auto elementor-widget elementor-widget-text-editor\" data-id=\"2bb4697b\" data-element_type=\"widget\" data-e-type=\"widget\" data-widget_type=\"text-editor.default\">\n\t\t\t\t<div class=\"elementor-widget-container\">\n\t\t\t\t\t\t\t\t\t<p><span style=\"color: var( --e-global-color-kadence3 ); background-color: var( --e-global-color-kadence9 );\">Im Falle von Live-Musik sollte die Analyse je nach den verwendeten Instrumenten individuell erfolgen, um die folgenden k\u00fcnstlerischen und technischen Bed\u00fcrfnisse abzudecken:<\/span><\/p>\t\t\t\t\t\t\t\t<\/div>\n\t\t\t\t<\/div>\n\t\t\t\t<div class=\"elementor-element elementor-element-7da78341 elementor-widget__width-auto elementor-widget elementor-widget-text-editor\" data-id=\"7da78341\" data-element_type=\"widget\" data-e-type=\"widget\" data-widget_type=\"text-editor.default\">\n\t\t\t\t<div class=\"elementor-widget-container\">\n\t\t\t\t\t\t\t\t\t<ul><li><span style=\"background-color: var( --e-global-color-kadence9 ); color: var( --e-global-color-kadence3 );\">Drahtloses oder kabelgebundenes Mikrofon f\u00fcr die Interaktion mit dem Publikum und Gesang.<\/span><\/li><li><span style=\"color: var( --e-global-color-kadence3 ); background-color: var( --e-global-color-kadence9 );\">Audioeing\u00e4nge f\u00fcr Instrumente (akustische Gitarren, E-Bass, andere).<\/span><\/li><li>Mikrofon- und Instrumentenst\u00e4nder.<\/li><li>Verst\u00e4rkungssysteme f\u00fcr Stimmen und Instrumente.<\/li><li><span style=\"color: var( --e-global-color-kadence3 ); background-color: var( --e-global-color-kadence9 );\">Koordination und Soundchecks.<\/span><\/li><li><span style=\"color: var( --e-global-color-kadence3 ); background-color: var( --e-global-color-kadence9 );\">Return-Lautsprecher perfekt markiert und platziert.<\/span><\/li><li><span style=\"color: var( --e-global-color-kadence3 ); background-color: var( --e-global-color-kadence9 );\">Bez\u00fcglich der Lautst\u00e4rke oder Reichweite des Sounds wird dies im Einzelfall gepr\u00fcft, abh\u00e4ngig von der voraussichtlichen Anzahl des Publikums f\u00fcr die Veranstaltung. Das System sollte in der Lage sein, eine gleichm\u00e4\u00dfige Klangqualit\u00e4t im gesamten H\u00f6rbereich zu liefern.<br \/><\/span><\/li><\/ul>\t\t\t\t\t\t\t\t<\/div>\n\t\t\t\t<\/div>\n\t\t\t\t<\/div>\n\t\t<div class=\"elementor-element elementor-element-1e96f1ec e-con-full e-flex e-con e-child\" data-id=\"1e96f1ec\" data-element_type=\"container\" data-e-type=\"container\">\n\t\t\t\t<div class=\"elementor-element elementor-element-2faed8f4 elementor-widget__width-initial elementor-widget-mobile__width-initial elementor-widget elementor-widget-text-editor\" data-id=\"2faed8f4\" data-element_type=\"widget\" data-e-type=\"widget\" data-widget_type=\"text-editor.default\">\n\t\t\t\t<div class=\"elementor-widget-container\">\n\t\t\t\t\t\t\t\t\t<p>Auf Tour<\/p>\t\t\t\t\t\t\t\t<\/div>\n\t\t\t\t<\/div>\n\t\t\t\t<div class=\"elementor-element elementor-element-38f378ba elementor-widget__width-auto elementor-widget elementor-widget-text-editor\" data-id=\"38f378ba\" data-element_type=\"widget\" data-e-type=\"widget\" data-widget_type=\"text-editor.default\">\n\t\t\t\t<div class=\"elementor-widget-container\">\n\t\t\t\t\t\t\t\t\t<p><b>Transport:<br \/><\/b>Die Anforderungen m\u00fcssen je nach Veranstaltungsort, angeforderten Darbietungen und der Anzahl der ben\u00f6tigten T\u00e4nzer oder Musiker individuell bewertet werden.<\/p>\t\t\t\t\t\t\t\t<\/div>\n\t\t\t\t<\/div>\n\t\t\t\t<div class=\"elementor-element elementor-element-66d08ec elementor-widget__width-auto elementor-widget elementor-widget-text-editor\" data-id=\"66d08ec\" data-element_type=\"widget\" data-e-type=\"widget\" data-widget_type=\"text-editor.default\">\n\t\t\t\t<div class=\"elementor-widget-container\">\n\t\t\t\t\t\t\t\t\t<ul><li>Unterkunft, Zimmer.<\/li><li>Verpflegung pro Tag und Person.<\/li><\/ul>\t\t\t\t\t\t\t\t<\/div>\n\t\t\t\t<\/div>\n\t\t\t\t<div class=\"elementor-element elementor-element-1388b981 elementor-widget__width-initial elementor-widget-mobile__width-initial elementor-widget elementor-widget-text-editor\" data-id=\"1388b981\" data-element_type=\"widget\" data-e-type=\"widget\" data-widget_type=\"text-editor.default\">\n\t\t\t\t<div class=\"elementor-widget-container\">\n\t\t\t\t\t\t\t\t\t<p>Mitglieder<\/p>\t\t\t\t\t\t\t\t<\/div>\n\t\t\t\t<\/div>\n\t\t\t\t<div class=\"elementor-element elementor-element-68bde775 elementor-widget__width-auto elementor-widget elementor-widget-text-editor\" data-id=\"68bde775\" data-element_type=\"widget\" data-e-type=\"widget\" data-widget_type=\"text-editor.default\">\n\t\t\t\t<div class=\"elementor-widget-container\">\n\t\t\t\t\t\t\t\t\t<p><b>Die Gruppe besteht aus:<\/b><br><\/p>\t\t\t\t\t\t\t\t<\/div>\n\t\t\t\t<\/div>\n\t\t\t\t<div class=\"elementor-element elementor-element-7356ae63 elementor-widget__width-auto elementor-widget elementor-widget-text-editor\" data-id=\"7356ae63\" data-element_type=\"widget\" data-e-type=\"widget\" data-widget_type=\"text-editor.default\">\n\t\t\t\t<div class=\"elementor-widget-container\">\n\t\t\t\t\t\t\t\t\t<ul>\n<li><span style=\"background-color: var( --e-global-color-kadence9 ); color: var( --e-global-color-kadence3 );\">15 T\u00e4nzern insgesamt<\/span><\/li>\n<li><span style=\"color: var( --e-global-color-kadence3 ); background-color: var( --e-global-color-kadence9 );\">Maximal 6 T\u00e4nzern auf der B\u00fchne, je nach Darbietung<\/span><\/li>\n<li><span style=\"color: var( --e-global-color-kadence3 ); background-color: var( --e-global-color-kadence9 );\">1 S\u00e4nger<\/span><\/li>\n<li><span style=\"color: var( --e-global-color-kadence3 ); background-color: var( --e-global-color-kadence9 );\">2 Musikern<\/span><\/li>\n<\/ul>\t\t\t\t\t\t\t\t<\/div>\n\t\t\t\t<\/div>\n\t\t\t\t<\/div>\n\t\t\t\t<\/div>\n\t\t\t\t<\/div>\n\t\t<div class=\"elementor-element elementor-element-7c22eed2 e-con-full e-flex e-con e-parent\" data-id=\"7c22eed2\" data-element_type=\"container\" data-e-type=\"container\">\n\t\t<div class=\"elementor-element elementor-element-4529fa1a e-con-full e-flex e-con e-child\" data-id=\"4529fa1a\" data-element_type=\"container\" data-e-type=\"container\" data-settings=\"{&quot;background_background&quot;:&quot;classic&quot;}\">\n\t\t\t\t<\/div>\n\t\t\t\t<\/div>\n\t\t\t\t<\/div>","protected":false},"excerpt":{"rendered":"<p>Requisitos para las presentaciones A cargo de los organizadores Escenarios:Como requisitos t\u00e9cnicos para que nuestras presentaciones puedan ser llevadas a cabo de la mejor manera posible requerimos de un escenario, plataforma o zona delimitada de un tama\u00f1o m\u00ednimo de 4 x 6 metros. Idealmente la superficie debe ser de un material estable pero suave como&#8230;<\/p>","protected":false},"author":1,"featured_media":0,"parent":0,"menu_order":0,"comment_status":"closed","ping_status":"closed","template":"","meta":{"_monsterinsights_skip_tracking":false,"_monsterinsights_sitenote_active":false,"_monsterinsights_sitenote_note":"","_monsterinsights_sitenote_category":0,"_kad_post_transparent":"","_kad_post_title":"hide","_kad_post_layout":"fullwidth","_kad_post_sidebar_id":"","_kad_post_content_style":"unboxed","_kad_post_vertical_padding":"hide","_kad_post_feature":"hide","_kad_post_feature_position":"","_kad_post_header":false,"_kad_post_footer":false,"_kad_post_classname":"","footnotes":""},"class_list":["post-26545","page","type-page","status-publish","hentry"],"_links":{"self":[{"href":"https:\/\/grupochile.de\/de\/wp-json\/wp\/v2\/pages\/26545","targetHints":{"allow":["GET"]}}],"collection":[{"href":"https:\/\/grupochile.de\/de\/wp-json\/wp\/v2\/pages"}],"about":[{"href":"https:\/\/grupochile.de\/de\/wp-json\/wp\/v2\/types\/page"}],"author":[{"embeddable":true,"href":"https:\/\/grupochile.de\/de\/wp-json\/wp\/v2\/users\/1"}],"replies":[{"embeddable":true,"href":"https:\/\/grupochile.de\/de\/wp-json\/wp\/v2\/comments?post=26545"}],"version-history":[{"count":22,"href":"https:\/\/grupochile.de\/de\/wp-json\/wp\/v2\/pages\/26545\/revisions"}],"predecessor-version":[{"id":26568,"href":"https:\/\/grupochile.de\/de\/wp-json\/wp\/v2\/pages\/26545\/revisions\/26568"}],"wp:attachment":[{"href":"https:\/\/grupochile.de\/de\/wp-json\/wp\/v2\/media?parent=26545"}],"curies":[{"name":"wp","href":"https:\/\/api.w.org\/{rel}","templated":true}]}}