{"id":27063,"date":"2024-11-17T19:52:34","date_gmt":"2024-11-17T18:52:34","guid":{"rendered":"https:\/\/grupochile.de\/?page_id=27063"},"modified":"2024-12-06T12:26:50","modified_gmt":"2024-12-06T11:26:50","slug":"form-aportes","status":"publish","type":"page","link":"https:\/\/grupochile.de\/de\/form-aportes\/","title":{"rendered":"Form-Aportes"},"content":{"rendered":"\t\t<div data-elementor-type=\"wp-page\" data-elementor-id=\"27063\" class=\"elementor elementor-27063\">\n\t\t\t\t<div class=\"elementor-element elementor-element-25e4489 e-con-full e-flex e-con e-parent\" data-id=\"25e4489\" data-element_type=\"container\" data-e-type=\"container\" data-settings=\"{&quot;background_background&quot;:&quot;classic&quot;}\">\n\t\t<div class=\"elementor-element elementor-element-1df6469 e-con-full e-flex e-con e-child\" data-id=\"1df6469\" data-element_type=\"container\" data-e-type=\"container\">\n\t\t<div class=\"elementor-element elementor-element-d6a3018 e-con-full e-flex e-con e-child\" data-id=\"d6a3018\" data-element_type=\"container\" data-e-type=\"container\">\n\t\t\t\t<div class=\"elementor-element elementor-element-347e4f4 elementor-widget__width-initial elementor-widget-laptop__width-auto elementor-widget-tablet__width-auto elementor-widget elementor-widget-image\" data-id=\"347e4f4\" data-element_type=\"widget\" data-e-type=\"widget\" data-widget_type=\"image.default\">\n\t\t\t\t<div class=\"elementor-widget-container\">\n\t\t\t\t\t\t\t\t\t\t\t\t\t\t\t\t<a href=\"https:\/\/grupochile.de\/\">\n\t\t\t\t\t\t\t<img fetchpriority=\"high\" decoding=\"async\" width=\"768\" height=\"380\" src=\"https:\/\/grupochile.de\/wp-content\/uploads\/2024\/05\/Logo-Bannpng-768x380.png\" class=\"attachment-medium_large size-medium_large wp-image-2044\" alt=\"LogoBannpng\" srcset=\"https:\/\/grupochile.de\/wp-content\/uploads\/2024\/05\/Logo-Bannpng-768x380.png 768w, https:\/\/grupochile.de\/wp-content\/uploads\/2024\/05\/Logo-Bannpng-300x149.png 300w, https:\/\/grupochile.de\/wp-content\/uploads\/2024\/05\/Logo-Bannpng.png 907w\" sizes=\"(max-width: 768px) 100vw, 768px\" title=\"\">\t\t\t\t\t\t\t\t<\/a>\n\t\t\t\t\t\t\t\t\t\t\t\t\t\t\t<\/div>\n\t\t\t\t<\/div>\n\t\t\t\t<\/div>\n\t\t<div class=\"elementor-element elementor-element-ba2f6cf e-con-full e-flex e-con e-child\" data-id=\"ba2f6cf\" data-element_type=\"container\" data-e-type=\"container\">\n\t\t\t\t<div class=\"elementor-element elementor-element-aee5885 elementor-widget-laptop__width-initial elementor-widget__width-auto elementor-widget elementor-widget-text-editor\" data-id=\"aee5885\" data-element_type=\"widget\" data-e-type=\"widget\" data-widget_type=\"text-editor.default\">\n\t\t\t\t<div class=\"elementor-widget-container\">\n\t\t\t\t\t\t\t\t\t<p><strong>Quieres hacer una donaci\u00f3n puntual a nuestra organizaci\u00f3n?<\/strong><br \/><strong>Con tu valiosa contribuci\u00f3n promueves la integraci\u00f3n en la participaci\u00f3n cultural.<\/strong><\/p>\t\t\t\t\t\t\t\t<\/div>\n\t\t\t\t<\/div>\n\t\t\t\t<div class=\"elementor-element elementor-element-7e1a5fe elementor-widget__width-inherit elementor-widget elementor-widget-shortcode\" data-id=\"7e1a5fe\" data-element_type=\"widget\" data-e-type=\"widget\" data-widget_type=\"shortcode.default\">\n\t\t\t\t<div class=\"elementor-widget-container\">\n\t\t\t\t\t\t\t<div class=\"elementor-shortcode\">[give_form id=\"26681\"]<\/div>\n\t\t\t\t\t\t<\/div>\n\t\t\t\t<\/div>\n\t\t\t\t<\/div>\n\t\t\t\t<\/div>\n\t\t\t\t<\/div>\n\t\t<div class=\"elementor-element elementor-element-6c1f3e9 e-con-full e-flex e-con e-parent\" data-id=\"6c1f3e9\" data-element_type=\"container\" data-e-type=\"container\" data-settings=\"{&quot;background_background&quot;:&quot;classic&quot;}\">\n\t\t<div class=\"elementor-element elementor-element-19231e2 e-con-full e-flex e-con e-child\" data-id=\"19231e2\" data-element_type=\"container\" data-e-type=\"container\" data-settings=\"{&quot;background_background&quot;:&quot;classic&quot;}\">\n\t\t\t\t<div class=\"elementor-element elementor-element-bab173d elementor-widget elementor-widget-text-editor\" data-id=\"bab173d\" data-element_type=\"widget\" data-e-type=\"widget\" data-widget_type=\"text-editor.default\">\n\t\t\t\t<div class=\"elementor-widget-container\">\n\t\t\t\t\t\t\t\t\t<p><strong>La asociaci\u00f3n Chile Berlin e.V. lleva informes sobre el uso de los recursos, incluyendo resultados de cada proyecto. Adem\u00e1s, declara oficialmente el uso de los recursos con los comprobantes correspondientes en la Oficina de Impuestos Internos.<\/strong><\/p>\t\t\t\t\t\t\t\t<\/div>\n\t\t\t\t<\/div>\n\t\t\t\t<\/div>\n\t\t\t\t<\/div>\n\t\t\t\t<\/div>\n\t\t","protected":false},"excerpt":{"rendered":"<p>Quieres hacer una donaci\u00f3n puntual a nuestra organizaci\u00f3n?Con tu valiosa contribuci\u00f3n promueves la integraci\u00f3n en la participaci\u00f3n cultural. [give_form id=\u00bb26681&#8243;] La asociaci\u00f3n Chile Berlin e.V. lleva informes sobre el uso de los recursos, incluyendo resultados de cada proyecto. Adem\u00e1s, declara oficialmente el uso de los recursos con los comprobantes correspondientes en la Oficina de Impuestos&#8230;<\/p>\n","protected":false},"author":1,"featured_media":0,"parent":0,"menu_order":0,"comment_status":"closed","ping_status":"closed","template":"","meta":{"_monsterinsights_skip_tracking":false,"_monsterinsights_sitenote_active":false,"_monsterinsights_sitenote_note":"","_monsterinsights_sitenote_category":0,"_kad_post_transparent":"","_kad_post_title":"hide","_kad_post_layout":"fullwidth","_kad_post_sidebar_id":"","_kad_post_content_style":"unboxed","_kad_post_vertical_padding":"hide","_kad_post_feature":"hide","_kad_post_feature_position":"","_kad_post_header":true,"_kad_post_footer":true,"_kad_post_classname":"","footnotes":""},"class_list":["post-27063","page","type-page","status-publish","hentry"],"_links":{"self":[{"href":"https:\/\/grupochile.de\/de\/wp-json\/wp\/v2\/pages\/27063","targetHints":{"allow":["GET"]}}],"collection":[{"href":"https:\/\/grupochile.de\/de\/wp-json\/wp\/v2\/pages"}],"about":[{"href":"https:\/\/grupochile.de\/de\/wp-json\/wp\/v2\/types\/page"}],"author":[{"embeddable":true,"href":"https:\/\/grupochile.de\/de\/wp-json\/wp\/v2\/users\/1"}],"replies":[{"embeddable":true,"href":"https:\/\/grupochile.de\/de\/wp-json\/wp\/v2\/comments?post=27063"}],"version-history":[{"count":567,"href":"https:\/\/grupochile.de\/de\/wp-json\/wp\/v2\/pages\/27063\/revisions"}],"predecessor-version":[{"id":27714,"href":"https:\/\/grupochile.de\/de\/wp-json\/wp\/v2\/pages\/27063\/revisions\/27714"}],"wp:attachment":[{"href":"https:\/\/grupochile.de\/de\/wp-json\/wp\/v2\/media?parent=27063"}],"curies":[{"name":"wp","href":"https:\/\/api.w.org\/{rel}","templated":true}]}}