{"id":5827,"date":"2024-06-04T15:54:21","date_gmt":"2024-06-04T13:54:21","guid":{"rendered":"https:\/\/grupochile.de\/?page_id=5827"},"modified":"2025-01-29T20:34:59","modified_gmt":"2025-01-29T19:34:59","slug":"directiva","status":"publish","type":"page","link":"https:\/\/grupochile.de\/de\/actualidad\/directiva\/","title":{"rendered":"Vorstand"},"content":{"rendered":"<div data-elementor-type=\"wp-page\" data-elementor-id=\"5827\" class=\"elementor elementor-5827\">\n\t\t\t\t<div class=\"elementor-element elementor-element-684702d e-con-full e-flex e-con e-parent\" data-id=\"684702d\" data-element_type=\"container\" data-e-type=\"container\" data-settings=\"{&quot;background_background&quot;:&quot;classic&quot;}\">\n\t\t\t\t<div class=\"elementor-element elementor-element-740bafb elementor-widget elementor-widget-heading\" data-id=\"740bafb\" data-element_type=\"widget\" data-e-type=\"widget\" data-widget_type=\"heading.default\">\n\t\t\t\t<div class=\"elementor-widget-container\">\n\t\t\t\t\t<h1 class=\"elementor-heading-title elementor-size-default\">Vorstand<\/h1>\t\t\t\t<\/div>\n\t\t\t\t<\/div>\n\t\t\t\t<\/div>\n\t\t<div class=\"elementor-element elementor-element-1e15ef6 e-flex e-con-boxed e-con e-parent\" data-id=\"1e15ef6\" data-element_type=\"container\" data-e-type=\"container\">\n\t\t\t\t\t<div class=\"e-con-inner\">\n\t\t<div class=\"elementor-element elementor-element-4aa16e0 e-con-full e-flex e-con e-child\" data-id=\"4aa16e0\" data-element_type=\"container\" data-e-type=\"container\" data-settings=\"{&quot;background_background&quot;:&quot;classic&quot;}\">\n\t\t\t\t<div class=\"elementor-element elementor-element-d050294 elementor-widget__width-inherit elementor-widget-mobile__width-inherit elementor-widget elementor-widget-heading\" data-id=\"d050294\" data-element_type=\"widget\" data-e-type=\"widget\" data-widget_type=\"heading.default\">\n\t\t\t\t<div class=\"elementor-widget-container\">\n\t\t\t\t\t<h2 class=\"elementor-heading-title elementor-size-default\">Grupo Chile Berlin e.V<\/h2>\t\t\t\t<\/div>\n\t\t\t\t<\/div>\n\t\t\t\t<\/div>\n\t\t<div class=\"elementor-element elementor-element-16b646a e-con-full e-flex e-con e-child\" data-id=\"16b646a\" data-element_type=\"container\" data-e-type=\"container\" data-settings=\"{&quot;background_background&quot;:&quot;classic&quot;}\">\n\t\t<div class=\"elementor-element elementor-element-ceb1e81 e-con-full e-flex e-con e-child\" data-id=\"ceb1e81\" data-element_type=\"container\" data-e-type=\"container\" data-settings=\"{&quot;background_background&quot;:&quot;classic&quot;}\">\n\t\t<div class=\"elementor-element elementor-element-bb8703a e-con-full e-flex e-con e-child\" data-id=\"bb8703a\" data-element_type=\"container\" data-e-type=\"container\" data-settings=\"{&quot;background_background&quot;:&quot;classic&quot;}\">\n\t\t\t\t<\/div>\n\t\t<div class=\"elementor-element elementor-element-b125fb3 e-con-full e-flex e-con e-child\" data-id=\"b125fb3\" data-element_type=\"container\" data-e-type=\"container\">\n\t\t\t\t<div class=\"elementor-element elementor-element-3392e62 elementor-widget-mobile__width-inherit elementor-widget elementor-widget-text-editor\" data-id=\"3392e62\" data-element_type=\"widget\" data-e-type=\"widget\" data-widget_type=\"text-editor.default\">\n\t\t\t\t<div class=\"elementor-widget-container\">\n\t\t\t\t\t\t\t\t\t<p>Erste Vorsitzende:<\/p>\t\t\t\t\t\t\t\t<\/div>\n\t\t\t\t<\/div>\n\t\t\t\t<div class=\"elementor-element elementor-element-402c318 elementor-widget-mobile__width-inherit elementor-widget__width-initial elementor-widget elementor-widget-text-editor\" data-id=\"402c318\" data-element_type=\"widget\" data-e-type=\"widget\" data-widget_type=\"text-editor.default\">\n\t\t\t\t<div class=\"elementor-widget-container\">\n\t\t\t\t\t\t\t\t\t<p><strong>Daniela Gonzalez<\/strong><\/p>\t\t\t\t\t\t\t\t<\/div>\n\t\t\t\t<\/div>\n\t\t\t\t<div class=\"elementor-element elementor-element-cbf7bb7 elementor-widget-mobile__width-initial elementor-widget__width-auto elementor-widget elementor-widget-text-editor\" data-id=\"cbf7bb7\" data-element_type=\"widget\" data-e-type=\"widget\" data-widget_type=\"text-editor.default\">\n\t\t\t\t<div class=\"elementor-widget-container\">\n\t\t\t\t\t\t\t\t\t<p>Hallo, ich lade dich ein, bei Fragen zu unserem Verein oder unseren Aktivit\u00e4ten nachzufragen. Unser Ziel ist es, einen Raum f\u00fcr Begegnung, k\u00fcnstlerische Interaktion und aktive Teilnahme zu schaffen.<\/p>\t\t\t\t\t\t\t\t<\/div>\n\t\t\t\t<\/div>\n\t\t\t\t<\/div>\n\t\t\t\t<\/div>\n\t\t<div class=\"elementor-element elementor-element-6c75297 e-con-full e-flex e-con e-child\" data-id=\"6c75297\" data-element_type=\"container\" data-e-type=\"container\" data-settings=\"{&quot;background_background&quot;:&quot;classic&quot;}\">\n\t\t<div class=\"elementor-element elementor-element-e430702 e-con-full e-flex e-con e-child\" data-id=\"e430702\" data-element_type=\"container\" data-e-type=\"container\" data-settings=\"{&quot;background_background&quot;:&quot;classic&quot;}\">\n\t\t\t\t<\/div>\n\t\t<div class=\"elementor-element elementor-element-7f0c7f3 e-con-full e-flex e-con e-child\" data-id=\"7f0c7f3\" data-element_type=\"container\" data-e-type=\"container\">\n\t\t\t\t<div class=\"elementor-element elementor-element-d9760d3 elementor-widget-mobile__width-inherit elementor-widget elementor-widget-text-editor\" data-id=\"d9760d3\" data-element_type=\"widget\" data-e-type=\"widget\" data-widget_type=\"text-editor.default\">\n\t\t\t\t<div class=\"elementor-widget-container\">\n\t\t\t\t\t\t\t\t\t<p>Stellvertretende Vorsitzende:<\/p>\t\t\t\t\t\t\t\t<\/div>\n\t\t\t\t<\/div>\n\t\t\t\t<div class=\"elementor-element elementor-element-95823f9 elementor-widget-mobile__width-inherit elementor-widget__width-initial elementor-widget elementor-widget-text-editor\" data-id=\"95823f9\" data-element_type=\"widget\" data-e-type=\"widget\" data-widget_type=\"text-editor.default\">\n\t\t\t\t<div class=\"elementor-widget-container\">\n\t\t\t\t\t\t\t\t\t<p><strong>Marcia Vargas<\/strong>\u00a0<\/p>\t\t\t\t\t\t\t\t<\/div>\n\t\t\t\t<\/div>\n\t\t\t\t<div class=\"elementor-element elementor-element-a5f6a5c elementor-widget-mobile__width-initial elementor-widget__width-auto elementor-widget elementor-widget-text-editor\" data-id=\"a5f6a5c\" data-element_type=\"widget\" data-e-type=\"widget\" data-widget_type=\"text-editor.default\">\n\t\t\t\t<div class=\"elementor-widget-container\">\n\t\t\t\t\t\t\t\t\t<p>Ich bin verantwortlich f\u00fcr die Entwicklung all unserer Aktivit\u00e4ten in unseren Workshops und f\u00f6rdere somit die Vielfalt unserer T\u00e4nze als kulturelles Angebot.<\/p>\t\t\t\t\t\t\t\t<\/div>\n\t\t\t\t<\/div>\n\t\t\t\t<\/div>\n\t\t\t\t<\/div>\n\t\t<div class=\"elementor-element elementor-element-07001df e-con-full e-flex e-con e-child\" data-id=\"07001df\" data-element_type=\"container\" data-e-type=\"container\" data-settings=\"{&quot;background_background&quot;:&quot;classic&quot;}\">\n\t\t<div class=\"elementor-element elementor-element-46f10f8 e-con-full e-flex e-con e-child\" data-id=\"46f10f8\" data-element_type=\"container\" data-e-type=\"container\" data-settings=\"{&quot;background_background&quot;:&quot;classic&quot;}\">\n\t\t\t\t<\/div>\n\t\t<div class=\"elementor-element elementor-element-be7fb05 e-con-full e-flex e-con e-child\" data-id=\"be7fb05\" data-element_type=\"container\" data-e-type=\"container\">\n\t\t\t\t<div class=\"elementor-element elementor-element-ee9ca66 elementor-widget-mobile__width-inherit elementor-widget elementor-widget-text-editor\" data-id=\"ee9ca66\" data-element_type=\"widget\" data-e-type=\"widget\" data-widget_type=\"text-editor.default\">\n\t\t\t\t<div class=\"elementor-widget-container\">\n\t\t\t\t\t\t\t\t\t<p>Schatzmeister:<\/p>\t\t\t\t\t\t\t\t<\/div>\n\t\t\t\t<\/div>\n\t\t\t\t<div class=\"elementor-element elementor-element-d4aa8c4 elementor-widget-mobile__width-inherit elementor-widget__width-initial elementor-widget elementor-widget-text-editor\" data-id=\"d4aa8c4\" data-element_type=\"widget\" data-e-type=\"widget\" data-widget_type=\"text-editor.default\">\n\t\t\t\t<div class=\"elementor-widget-container\">\n\t\t\t\t\t\t\t\t\t<p><strong>Felix Perder<\/strong><\/p>\t\t\t\t\t\t\t\t<\/div>\n\t\t\t\t<\/div>\n\t\t\t\t<div class=\"elementor-element elementor-element-0ce96ff elementor-widget-mobile__width-initial elementor-widget__width-auto elementor-widget elementor-widget-text-editor\" data-id=\"0ce96ff\" data-element_type=\"widget\" data-e-type=\"widget\" data-widget_type=\"text-editor.default\">\n\t\t\t\t<div class=\"elementor-widget-container\">\n\t\t\t\t\t\t\t\t\t<p>Ich sorge daf\u00fcr, dass die Teilnehmer an unseren Aktivit\u00e4ten eine positive Erfahrung machen, und achte darauf, dass wir transparent und verantwortungsbewusst mit unseren Finanzen umgehen.<\/p>\t\t\t\t\t\t\t\t<\/div>\n\t\t\t\t<\/div>\n\t\t\t\t<\/div>\n\t\t\t\t<\/div>\n\t\t\t\t<\/div>\n\t\t<div class=\"elementor-element elementor-element-2eaca67 e-con-full e-flex e-con e-child\" data-id=\"2eaca67\" data-element_type=\"container\" data-e-type=\"container\">\n\t\t<div class=\"elementor-element elementor-element-576ffee e-con-full e-flex e-con e-child\" data-id=\"576ffee\" data-element_type=\"container\" data-e-type=\"container\" data-settings=\"{&quot;background_background&quot;:&quot;classic&quot;}\">\n\t\t\t\t<div class=\"elementor-element elementor-element-9bb1a9c elementor-align-justify elementor-widget__width-inherit elementor-mobile-align-justify elementor-widget elementor-widget-button\" data-id=\"9bb1a9c\" data-element_type=\"widget\" data-e-type=\"widget\" data-widget_type=\"button.default\">\n\t\t\t\t<div class=\"elementor-widget-container\">\n\t\t\t\t\t\t\t\t\t<div class=\"elementor-button-wrapper\">\n\t\t\t\t\t<a class=\"elementor-button elementor-button-link elementor-size-sm\" href=\"https:\/\/grupochile.de\/de\/unete\/\">\n\t\t\t\t\t\t<span class=\"elementor-button-content-wrapper\">\n\t\t\t\t\t\t\t\t\t<span class=\"elementor-button-text\">Werde Mitglied<\/span>\n\t\t\t\t\t<\/span>\n\t\t\t\t\t<\/a>\n\t\t\t\t<\/div>\n\t\t\t\t\t\t\t\t<\/div>\n\t\t\t\t<\/div>\n\t\t\t\t<\/div>\n\t\t<div class=\"elementor-element elementor-element-36120ff e-con-full e-flex e-con e-child\" data-id=\"36120ff\" data-element_type=\"container\" data-e-type=\"container\">\n\t\t\t\t<div class=\"elementor-element elementor-element-1c12f96 elementor-align-justify elementor-widget__width-inherit elementor-mobile-align-justify elementor-widget elementor-widget-button\" data-id=\"1c12f96\" data-element_type=\"widget\" data-e-type=\"widget\" data-widget_type=\"button.default\">\n\t\t\t\t<div class=\"elementor-widget-container\">\n\t\t\t\t\t\t\t\t\t<div class=\"elementor-button-wrapper\">\n\t\t\t\t\t<a class=\"elementor-button elementor-button-link elementor-size-sm\" href=\"https:\/\/grupochile.de\/de\/grupo-chile-berlin-e-v\/contacto\/\">\n\t\t\t\t\t\t<span class=\"elementor-button-content-wrapper\">\n\t\t\t\t\t\t\t\t\t<span class=\"elementor-button-text\">Kontakt<\/span>\n\t\t\t\t\t<\/span>\n\t\t\t\t\t<\/a>\n\t\t\t\t<\/div>\n\t\t\t\t\t\t\t\t<\/div>\n\t\t\t\t<\/div>\n\t\t\t\t<\/div>\n\t\t\t\t<\/div>\n\t\t\t\t\t<\/div>\n\t\t\t\t<\/div>\n\t\t<div class=\"elementor-element elementor-element-bf86981 e-con-full e-flex e-con e-parent\" data-id=\"bf86981\" data-element_type=\"container\" data-e-type=\"container\">\n\t\t<div class=\"elementor-element elementor-element-078e9b0 e-con-full e-flex e-con e-child\" data-id=\"078e9b0\" data-element_type=\"container\" data-e-type=\"container\" data-settings=\"{&quot;background_background&quot;:&quot;classic&quot;}\">\n\t\t\t\t<\/div>\n\t\t\t\t<\/div>\n\t\t\t\t<\/div>","protected":false},"excerpt":{"rendered":"<p>Directiva Grupo Chile Berlin e.V Presidenta: Daniela Gonzalez Hola, te invito a consultar cualquier duda sobre nuestra Asociaci\u00f3n o nuestras actividades. Nuestro objetivo es crear un espacio de encuentro, interacci\u00f3n art\u00edstica y participaci\u00f3n activa. Vicepresidenta: Marcia Vargas\u00a0 Soy la encargada principal del desarrollo de todas nuestras actividades en nuestros talleres, promoviendo as\u00ed la diversidad de&#8230;<\/p>","protected":false},"author":1,"featured_media":0,"parent":11722,"menu_order":0,"comment_status":"closed","ping_status":"closed","template":"","meta":{"_monsterinsights_skip_tracking":false,"_monsterinsights_sitenote_active":false,"_monsterinsights_sitenote_note":"","_monsterinsights_sitenote_category":0,"_kad_post_transparent":"","_kad_post_title":"hide","_kad_post_layout":"fullwidth","_kad_post_sidebar_id":"","_kad_post_content_style":"unboxed","_kad_post_vertical_padding":"hide","_kad_post_feature":"hide","_kad_post_feature_position":"","_kad_post_header":false,"_kad_post_footer":false,"_kad_post_classname":"","footnotes":""},"class_list":["post-5827","page","type-page","status-publish","hentry"],"_links":{"self":[{"href":"https:\/\/grupochile.de\/de\/wp-json\/wp\/v2\/pages\/5827","targetHints":{"allow":["GET"]}}],"collection":[{"href":"https:\/\/grupochile.de\/de\/wp-json\/wp\/v2\/pages"}],"about":[{"href":"https:\/\/grupochile.de\/de\/wp-json\/wp\/v2\/types\/page"}],"author":[{"embeddable":true,"href":"https:\/\/grupochile.de\/de\/wp-json\/wp\/v2\/users\/1"}],"replies":[{"embeddable":true,"href":"https:\/\/grupochile.de\/de\/wp-json\/wp\/v2\/comments?post=5827"}],"version-history":[{"count":19,"href":"https:\/\/grupochile.de\/de\/wp-json\/wp\/v2\/pages\/5827\/revisions"}],"predecessor-version":[{"id":27889,"href":"https:\/\/grupochile.de\/de\/wp-json\/wp\/v2\/pages\/5827\/revisions\/27889"}],"up":[{"embeddable":true,"href":"https:\/\/grupochile.de\/de\/wp-json\/wp\/v2\/pages\/11722"}],"wp:attachment":[{"href":"https:\/\/grupochile.de\/de\/wp-json\/wp\/v2\/media?parent=5827"}],"curies":[{"name":"wp","href":"https:\/\/api.w.org\/{rel}","templated":true}]}}